{"id":24,"date":"2015-09-03T16:24:46","date_gmt":"2015-09-03T16:24:46","guid":{"rendered":"http:\/\/drfernandoalmeida.com.br\/s\/?page_id=24"},"modified":"2022-08-11T15:38:17","modified_gmt":"2022-08-11T18:38:17","slug":"dr-fernando-almeida","status":"publish","type":"page","link":"https:\/\/www.drfernandoalmeida.com.br\/v1\/n\/dr-fernando-almeida\/","title":{"rendered":"Dr. Fernando Almeida"},"content":{"rendered":"","protected":false},"excerpt":{"rendered":"","protected":false},"author":1,"featured_media":5234,"parent":0,"menu_order":0,"comment_status":"closed","ping_status":"closed","template":"pages\/sobre.php","meta":{"footnotes":""},"yoast_head":"<!-- This site is optimized with the Yoast SEO plugin v21.3 - https:\/\/yoast.com\/wordpress\/plugins\/seo\/ -->\n<title>Urologista - Dr. Fernando Almeida | Prof. Dr. Fernando Almeida - Urologia<\/title>\n<meta name=\"description\" content=\"Prof. Dr. Fernando Almeida, especialista em doen\u00e7as e cirurgias urol\u00f3gicas em S\u00e3o Paulo. Agende sua consulta!\" \/>\n<meta name=\"robots\" content=\"index, follow, max-snippet:-1, max-image-preview:large, max-video-preview:-1\" \/>\n<link rel=\"canonical\" href=\"https:\/\/www.drfernandoalmeida.com.br\/v1\/n\/dr-fernando-almeida\/\" \/>\n<meta property=\"og:locale\" content=\"pt_BR\" \/>\n<meta property=\"og:type\" content=\"article\" \/>\n<meta property=\"og:title\" content=\"Urologista - Dr. Fernando Almeida | Prof. Dr. Fernando Almeida - Urologia\" \/>\n<meta property=\"og:description\" content=\"Prof. Dr. Fernando Almeida, especialista em doen\u00e7as e cirurgias urol\u00f3gicas em S\u00e3o Paulo. Agende sua consulta!\" \/>\n<meta property=\"og:url\" content=\"https:\/\/www.drfernandoalmeida.com.br\/v1\/n\/dr-fernando-almeida\/\" \/>\n<meta property=\"og:site_name\" content=\"Prof. Dr. Fernando Almeida\" \/>\n<meta property=\"article:modified_time\" content=\"2022-08-11T18:38:17+00:00\" \/>\n<meta property=\"og:image\" content=\"https:\/\/www.drfernandoalmeida.com.br\/v1\/n\/wp-content\/uploads\/2022\/02\/Dr-Fernando-Almeida-Thumb-01.jpg\" \/>\n\t<meta property=\"og:image:width\" content=\"825\" \/>\n\t<meta property=\"og:image:height\" content=\"330\" \/>\n\t<meta property=\"og:image:type\" content=\"image\/jpeg\" \/>\n<meta name=\"twitter:card\" content=\"summary_large_image\" \/>\n<script type=\"application\/ld+json\" class=\"yoast-schema-graph\">{\"@context\":\"https:\/\/schema.org\",\"@graph\":[{\"@type\":\"WebPage\",\"@id\":\"https:\/\/www.drfernandoalmeida.com.br\/v1\/n\/dr-fernando-almeida\/\",\"url\":\"https:\/\/www.drfernandoalmeida.com.br\/v1\/n\/dr-fernando-almeida\/\",\"name\":\"Urologista - Dr. Fernando Almeida | Prof. Dr. Fernando Almeida - Urologia\",\"isPartOf\":{\"@id\":\"https:\/\/www.drfernandoalmeida.com.br\/v1\/n\/#website\"},\"datePublished\":\"2015-09-03T16:24:46+00:00\",\"dateModified\":\"2022-08-11T18:38:17+00:00\",\"description\":\"Prof. Dr. Fernando Almeida, especialista em doen\u00e7as e cirurgias urol\u00f3gicas em S\u00e3o Paulo. Agende sua consulta!\",\"breadcrumb\":{\"@id\":\"https:\/\/www.drfernandoalmeida.com.br\/v1\/n\/dr-fernando-almeida\/#breadcrumb\"},\"inLanguage\":\"pt-BR\",\"potentialAction\":[{\"@type\":\"ReadAction\",\"target\":[\"https:\/\/www.drfernandoalmeida.com.br\/v1\/n\/dr-fernando-almeida\/\"]}]},{\"@type\":\"BreadcrumbList\",\"@id\":\"https:\/\/www.drfernandoalmeida.com.br\/v1\/n\/dr-fernando-almeida\/#breadcrumb\",\"itemListElement\":[{\"@type\":\"ListItem\",\"position\":1,\"name\":\"In\u00edcio\",\"item\":\"https:\/\/www.drfernandoalmeida.com.br\/v1\/n\/\"},{\"@type\":\"ListItem\",\"position\":2,\"name\":\"Dr. Fernando Almeida\"}]},{\"@type\":\"WebSite\",\"@id\":\"https:\/\/www.drfernandoalmeida.com.br\/v1\/n\/#website\",\"url\":\"https:\/\/www.drfernandoalmeida.com.br\/v1\/n\/\",\"name\":\"Prof. Dr. Fernando Almeida\",\"description\":\"Site do Prof. Dr. Fernando Almeida\",\"potentialAction\":[{\"@type\":\"SearchAction\",\"target\":{\"@type\":\"EntryPoint\",\"urlTemplate\":\"https:\/\/www.drfernandoalmeida.com.br\/v1\/n\/?s={search_term_string}\"},\"query-input\":\"required name=search_term_string\"}],\"inLanguage\":\"pt-BR\"}]}<\/script>\n<!-- \/ Yoast SEO plugin. -->","yoast_head_json":{"title":"Urologista - Dr. Fernando Almeida | Prof. Dr. Fernando Almeida - Urologia","description":"Prof. Dr. Fernando Almeida, especialista em doen\u00e7as e cirurgias urol\u00f3gicas em S\u00e3o Paulo. Agende sua consulta!","robots":{"index":"index","follow":"follow","max-snippet":"max-snippet:-1","max-image-preview":"max-image-preview:large","max-video-preview":"max-video-preview:-1"},"canonical":"https:\/\/www.drfernandoalmeida.com.br\/v1\/n\/dr-fernando-almeida\/","og_locale":"pt_BR","og_type":"article","og_title":"Urologista - Dr. Fernando Almeida | Prof. Dr. Fernando Almeida - Urologia","og_description":"Prof. Dr. Fernando Almeida, especialista em doen\u00e7as e cirurgias urol\u00f3gicas em S\u00e3o Paulo. Agende sua consulta!","og_url":"https:\/\/www.drfernandoalmeida.com.br\/v1\/n\/dr-fernando-almeida\/","og_site_name":"Prof. Dr. Fernando Almeida","article_modified_time":"2022-08-11T18:38:17+00:00","og_image":[{"width":825,"height":330,"url":"https:\/\/www.drfernandoalmeida.com.br\/v1\/n\/wp-content\/uploads\/2022\/02\/Dr-Fernando-Almeida-Thumb-01.jpg","type":"image\/jpeg"}],"twitter_card":"summary_large_image","schema":{"@context":"https:\/\/schema.org","@graph":[{"@type":"WebPage","@id":"https:\/\/www.drfernandoalmeida.com.br\/v1\/n\/dr-fernando-almeida\/","url":"https:\/\/www.drfernandoalmeida.com.br\/v1\/n\/dr-fernando-almeida\/","name":"Urologista - Dr. Fernando Almeida | Prof. Dr. Fernando Almeida - Urologia","isPartOf":{"@id":"https:\/\/www.drfernandoalmeida.com.br\/v1\/n\/#website"},"datePublished":"2015-09-03T16:24:46+00:00","dateModified":"2022-08-11T18:38:17+00:00","description":"Prof. Dr. Fernando Almeida, especialista em doen\u00e7as e cirurgias urol\u00f3gicas em S\u00e3o Paulo. Agende sua consulta!","breadcrumb":{"@id":"https:\/\/www.drfernandoalmeida.com.br\/v1\/n\/dr-fernando-almeida\/#breadcrumb"},"inLanguage":"pt-BR","potentialAction":[{"@type":"ReadAction","target":["https:\/\/www.drfernandoalmeida.com.br\/v1\/n\/dr-fernando-almeida\/"]}]},{"@type":"BreadcrumbList","@id":"https:\/\/www.drfernandoalmeida.com.br\/v1\/n\/dr-fernando-almeida\/#breadcrumb","itemListElement":[{"@type":"ListItem","position":1,"name":"In\u00edcio","item":"https:\/\/www.drfernandoalmeida.com.br\/v1\/n\/"},{"@type":"ListItem","position":2,"name":"Dr. Fernando Almeida"}]},{"@type":"WebSite","@id":"https:\/\/www.drfernandoalmeida.com.br\/v1\/n\/#website","url":"https:\/\/www.drfernandoalmeida.com.br\/v1\/n\/","name":"Prof. Dr. Fernando Almeida","description":"Site do Prof. Dr. Fernando Almeida","potentialAction":[{"@type":"SearchAction","target":{"@type":"EntryPoint","urlTemplate":"https:\/\/www.drfernandoalmeida.com.br\/v1\/n\/?s={search_term_string}"},"query-input":"required name=search_term_string"}],"inLanguage":"pt-BR"}]}},"_links":{"self":[{"href":"https:\/\/www.drfernandoalmeida.com.br\/v1\/n\/wp-json\/wp\/v2\/pages\/24"}],"collection":[{"href":"https:\/\/www.drfernandoalmeida.com.br\/v1\/n\/wp-json\/wp\/v2\/pages"}],"about":[{"href":"https:\/\/www.drfernandoalmeida.com.br\/v1\/n\/wp-json\/wp\/v2\/types\/page"}],"author":[{"embeddable":true,"href":"https:\/\/www.drfernandoalmeida.com.br\/v1\/n\/wp-json\/wp\/v2\/users\/1"}],"replies":[{"embeddable":true,"href":"https:\/\/www.drfernandoalmeida.com.br\/v1\/n\/wp-json\/wp\/v2\/comments?post=24"}],"version-history":[{"count":1,"href":"https:\/\/www.drfernandoalmeida.com.br\/v1\/n\/wp-json\/wp\/v2\/pages\/24\/revisions"}],"predecessor-version":[{"id":5330,"href":"https:\/\/www.drfernandoalmeida.com.br\/v1\/n\/wp-json\/wp\/v2\/pages\/24\/revisions\/5330"}],"wp:featuredmedia":[{"embeddable":true,"href":"https:\/\/www.drfernandoalmeida.com.br\/v1\/n\/wp-json\/wp\/v2\/media\/5234"}],"wp:attachment":[{"href":"https:\/\/www.drfernandoalmeida.com.br\/v1\/n\/wp-json\/wp\/v2\/media?parent=24"}],"curies":[{"name":"wp","href":"https:\/\/api.w.org\/{rel}","templated":true}]}}